{"id":21,"date":"2022-09-24T21:08:38","date_gmt":"2022-09-24T21:08:38","guid":{"rendered":"https:\/\/filmharmony.pl\/?page_id=21"},"modified":"2025-09-14T12:16:58","modified_gmt":"2025-09-14T12:16:58","slug":"filmharmony","status":"publish","type":"page","link":"https:\/\/filmharmony.pl\/","title":{"rendered":"filmharmony"},"content":{"rendered":"\t\t<div data-elementor-type=\"wp-page\" data-elementor-id=\"21\" class=\"elementor elementor-21\">\n\t\t\t\t\t\t<section class=\"elementor-section elementor-top-section elementor-element elementor-element-f1c3b62 elementor-section-boxed elementor-section-height-default elementor-section-height-default\" data-id=\"f1c3b62\" data-element_type=\"section\" data-settings=\"{&quot;background_background&quot;:&quot;classic&quot;}\">\n\t\t\t\t\t\t<div class=\"elementor-container elementor-column-gap-default\">\n\t\t\t\t\t<div class=\"elementor-column elementor-col-100 elementor-top-column elementor-element elementor-element-ecdc6de\" data-id=\"ecdc6de\" data-element_type=\"column\">\n\t\t\t<div class=\"elementor-widget-wrap elementor-element-populated\">\n\t\t\t\t\t\t<div class=\"elementor-element elementor-element-d2fa8cd elementor-widget elementor-widget-heading\" data-id=\"d2fa8cd\" data-element_type=\"widget\" data-widget_type=\"heading.default\">\n\t\t\t\t<div class=\"elementor-widget-container\">\n\t\t\t\t\t<h2 class=\"elementor-heading-title elementor-size-medium\">harmonia w sztuce filmowej<\/h2>\t\t\t\t<\/div>\n\t\t\t\t<\/div>\n\t\t\t\t\t<\/div>\n\t\t<\/div>\n\t\t\t\t\t<\/div>\n\t\t<\/section>\n\t\t\t\t<section class=\"elementor-section elementor-top-section elementor-element elementor-element-c035d8d elementor-section-boxed elementor-section-height-default elementor-section-height-default\" data-id=\"c035d8d\" data-element_type=\"section\">\n\t\t\t\t\t\t<div class=\"elementor-container elementor-column-gap-default\">\n\t\t\t\t\t<div class=\"elementor-column elementor-col-100 elementor-top-column elementor-element elementor-element-a68a997\" data-id=\"a68a997\" data-element_type=\"column\">\n\t\t\t<div class=\"elementor-widget-wrap elementor-element-populated\">\n\t\t\t\t\t\t<div class=\"elementor-element elementor-element-f807223 elementor-widget elementor-widget-video\" data-id=\"f807223\" data-element_type=\"widget\" data-settings=\"{&quot;youtube_url&quot;:&quot;https:\\\/\\\/youtube.com\\\/shorts\\\/uY-gqeUrRUA?feature=share&quot;,&quot;video_type&quot;:&quot;youtube&quot;,&quot;controls&quot;:&quot;yes&quot;}\" data-widget_type=\"video.default\">\n\t\t\t\t<div class=\"elementor-widget-container\">\n\t\t\t\t\t\t\t<div class=\"elementor-wrapper elementor-open-inline\">\n\t\t\t<div class=\"elementor-video\"><\/div>\t\t<\/div>\n\t\t\t\t\t\t<\/div>\n\t\t\t\t<\/div>\n\t\t\t\t\t<\/div>\n\t\t<\/div>\n\t\t\t\t\t<\/div>\n\t\t<\/section>\n\t\t\t\t<section class=\"elementor-section elementor-top-section elementor-element elementor-element-9266b65 elementor-section-boxed elementor-section-height-default elementor-section-height-default\" data-id=\"9266b65\" data-element_type=\"section\">\n\t\t\t\t\t\t<div class=\"elementor-container elementor-column-gap-default\">\n\t\t\t\t\t<div class=\"elementor-column elementor-col-33 elementor-top-column elementor-element elementor-element-2897333\" data-id=\"2897333\" data-element_type=\"column\">\n\t\t\t<div class=\"elementor-widget-wrap elementor-element-populated\">\n\t\t\t\t\t\t<div class=\"elementor-element elementor-element-97addba elementor-widget elementor-widget-image\" data-id=\"97addba\" data-element_type=\"widget\" data-widget_type=\"image.default\">\n\t\t\t\t<div class=\"elementor-widget-container\">\n\t\t\t\t\t\t\t\t\t\t\t\t\t\t\t<img fetchpriority=\"high\" decoding=\"async\" width=\"1024\" height=\"1024\" src=\"https:\/\/filmharmony.pl\/wp-content\/uploads\/2025\/09\/Espoir-Serif-7-1024x1024.png\" class=\"attachment-large size-large wp-image-303\" alt=\"\" srcset=\"https:\/\/filmharmony.pl\/wp-content\/uploads\/2025\/09\/Espoir-Serif-7-1024x1024.png 1024w, https:\/\/filmharmony.pl\/wp-content\/uploads\/2025\/09\/Espoir-Serif-7-300x300.png 300w, https:\/\/filmharmony.pl\/wp-content\/uploads\/2025\/09\/Espoir-Serif-7-150x150.png 150w, https:\/\/filmharmony.pl\/wp-content\/uploads\/2025\/09\/Espoir-Serif-7-768x768.png 768w, https:\/\/filmharmony.pl\/wp-content\/uploads\/2025\/09\/Espoir-Serif-7-400x400.png 400w, https:\/\/filmharmony.pl\/wp-content\/uploads\/2025\/09\/Espoir-Serif-7-1536x1536.png 1536w, https:\/\/filmharmony.pl\/wp-content\/uploads\/2025\/09\/Espoir-Serif-7.png 2048w\" sizes=\"(max-width: 1024px) 100vw, 1024px\" \/>\t\t\t\t\t\t\t\t\t\t\t\t\t\t\t<\/div>\n\t\t\t\t<\/div>\n\t\t\t\t\t<\/div>\n\t\t<\/div>\n\t\t\t\t<div class=\"elementor-column elementor-col-33 elementor-top-column elementor-element elementor-element-0689871\" data-id=\"0689871\" data-element_type=\"column\">\n\t\t\t<div class=\"elementor-widget-wrap elementor-element-populated\">\n\t\t\t\t\t\t<div class=\"elementor-element elementor-element-b6c7773 elementor-widget elementor-widget-image\" data-id=\"b6c7773\" data-element_type=\"widget\" data-widget_type=\"image.default\">\n\t\t\t\t<div class=\"elementor-widget-container\">\n\t\t\t\t\t\t\t\t\t\t\t\t\t\t\t<img decoding=\"async\" width=\"819\" height=\"1024\" src=\"https:\/\/filmharmony.pl\/wp-content\/uploads\/2025\/09\/LOGO-FILMHARMONY-PION-BEZ-TLA-819x1024.png\" class=\"attachment-large size-large wp-image-302\" alt=\"\" srcset=\"https:\/\/filmharmony.pl\/wp-content\/uploads\/2025\/09\/LOGO-FILMHARMONY-PION-BEZ-TLA-819x1024.png 819w, https:\/\/filmharmony.pl\/wp-content\/uploads\/2025\/09\/LOGO-FILMHARMONY-PION-BEZ-TLA-240x300.png 240w, https:\/\/filmharmony.pl\/wp-content\/uploads\/2025\/09\/LOGO-FILMHARMONY-PION-BEZ-TLA-768x960.png 768w, https:\/\/filmharmony.pl\/wp-content\/uploads\/2025\/09\/LOGO-FILMHARMONY-PION-BEZ-TLA.png 1080w\" sizes=\"(max-width: 819px) 100vw, 819px\" \/>\t\t\t\t\t\t\t\t\t\t\t\t\t\t\t<\/div>\n\t\t\t\t<\/div>\n\t\t\t\t\t<\/div>\n\t\t<\/div>\n\t\t\t\t<div class=\"elementor-column elementor-col-33 elementor-top-column elementor-element elementor-element-c1e780f\" data-id=\"c1e780f\" data-element_type=\"column\">\n\t\t\t<div class=\"elementor-widget-wrap elementor-element-populated\">\n\t\t\t\t\t\t<div class=\"elementor-element elementor-element-315cc76 elementor-widget elementor-widget-text-editor\" data-id=\"315cc76\" data-element_type=\"widget\" data-widget_type=\"text-editor.default\">\n\t\t\t\t<div class=\"elementor-widget-container\">\n\t\t\t\t\t\t\t\t\t<p><span style=\"color: #000000; caret-color: #ffffff;\">Jestem filmowcem, pilotem drona oraz monta\u017cyst\u0105 i koloryst\u0105 video z pasj\u0105 do nowoczesnych technologii, w tym sztucznej inteligencji. Specjalizuj\u0119 si\u0119 w tworzeniu warto\u015bciowego contentu \u0142\u0105cz\u0105cego tradycyjne techniki filmowe z innowacyjnymi rozwi\u0105zaniami AI. Poszukuj\u0119 mo\u017cliwo\u015bci rozwoju jako Content Creator, by realizowa\u0107 projekty \u0142\u0105cz\u0105ce kreatywno\u015b\u0107 i technologi\u0119.<\/span><\/p><p><span style=\"color: #000000;\">Korzystam z takich narz\u0119dzi jak:<span style=\"caret-color: #ffffff; background-color: transparent;\">DaVinci Resolve, CapCut, GIMP, Canva, Kling, Hedra, Veo 3, Runway, Krea, Higgsfield, Midjourney, ElevenLabs,Pixverse, Suno, Dreammachine, Infinity, HeyGen, Sora, Pixverse, Chat gpt, Deepseak, Grok, Gemini, Claude i wiele innych.<\/span><\/span><\/p>\t\t\t\t\t\t\t\t<\/div>\n\t\t\t\t<\/div>\n\t\t\t\t\t<\/div>\n\t\t<\/div>\n\t\t\t\t\t<\/div>\n\t\t<\/section>\n\t\t\t\t<\/div>\n\t\t","protected":false},"excerpt":{"rendered":"<p>harmonia w sztuce filmowej Jestem filmowcem, pilotem drona oraz monta\u017cyst\u0105 i koloryst\u0105 video z pasj\u0105 do nowoczesnych technologii, w tym sztucznej inteligencji. Specjalizuj\u0119 si\u0119 w tworzeniu warto\u015bciowego contentu \u0142\u0105cz\u0105cego tradycyjne techniki filmowe z innowacyjnymi rozwi\u0105zaniami AI. Poszukuj\u0119 mo\u017cliwo\u015bci rozwoju jako Content Creator, by realizowa\u0107 projekty \u0142\u0105cz\u0105ce kreatywno\u015b\u0107 i technologi\u0119. Korzystam z takich narz\u0119dzi jak:DaVinci Resolve,&#8230;<\/p>\n","protected":false},"author":1,"featured_media":0,"parent":0,"menu_order":1,"comment_status":"closed","ping_status":"closed","template":"","meta":{"_kadence_starter_templates_imported_post":false,"_kad_post_transparent":"","_kad_post_title":"hide","_kad_post_layout":"fullwidth","_kad_post_sidebar_id":"","_kad_post_content_style":"unboxed","_kad_post_vertical_padding":"hide","_kad_post_feature":"hide","_kad_post_feature_position":"","_kad_post_header":false,"_kad_post_footer":false,"footnotes":""},"class_list":["post-21","page","type-page","status-publish","hentry"],"_links":{"self":[{"href":"https:\/\/filmharmony.pl\/index.php?rest_route=\/wp\/v2\/pages\/21"}],"collection":[{"href":"https:\/\/filmharmony.pl\/index.php?rest_route=\/wp\/v2\/pages"}],"about":[{"href":"https:\/\/filmharmony.pl\/index.php?rest_route=\/wp\/v2\/types\/page"}],"author":[{"embeddable":true,"href":"https:\/\/filmharmony.pl\/index.php?rest_route=\/wp\/v2\/users\/1"}],"replies":[{"embeddable":true,"href":"https:\/\/filmharmony.pl\/index.php?rest_route=%2Fwp%2Fv2%2Fcomments&post=21"}],"version-history":[{"count":58,"href":"https:\/\/filmharmony.pl\/index.php?rest_route=\/wp\/v2\/pages\/21\/revisions"}],"predecessor-version":[{"id":333,"href":"https:\/\/filmharmony.pl\/index.php?rest_route=\/wp\/v2\/pages\/21\/revisions\/333"}],"wp:attachment":[{"href":"https:\/\/filmharmony.pl\/index.php?rest_route=%2Fwp%2Fv2%2Fmedia&parent=21"}],"curies":[{"name":"wp","href":"https:\/\/api.w.org\/{rel}","templated":true}]}}